{"id":4163,"date":"2019-02-28T18:40:07","date_gmt":"2019-02-28T17:40:07","guid":{"rendered":"https:\/\/www.espagat.com\/?post_type=product&#038;p=4163"},"modified":"2024-11-04T15:34:11","modified_gmt":"2024-11-04T14:34:11","slug":"surface-skin-cleansing","status":"publish","type":"product","link":"https:\/\/espagat.com\/en\/faciales-en\/surface-skin-cleansing\/","title":{"rendered":"Surface skin cleansing"},"content":{"rendered":"<h3>For&#8230;<\/h3>\n<ul>\n<li>Cleansing for all skin types<\/li>\n<\/ul>\n<h3>Include&#8230;<\/h3>\n<ul>\n<li>Cleanser, tonic and peeling<\/li>\n<li>Massage with specific facial cream<\/li>\n<li>Facial mask<\/li>\n<li>Finishing cream<\/li>\n<\/ul>\n<p><strong>Duration:<\/strong>\u00a030 min.<\/p>\n","protected":false},"excerpt":{"rendered":"<p>For&#8230; Cleansing for all skin types Include&#8230; Cleanser, tonic and peeling Massage with specific facial cream Facial mask Finishing cream Duration:\u00a030 min.<\/p>\n","protected":false},"featured_media":4164,"comment_status":"open","ping_status":"closed","template":"","meta":{"_acf_changed":false,"inline_featured_image":false},"product_brand":[],"product_cat":[152],"product_tag":[],"class_list":{"0":"post-4163","1":"product","2":"type-product","3":"status-publish","4":"has-post-thumbnail","6":"product_cat-faciales-en","8":"first","9":"instock","10":"taxable","11":"shipping-taxable","12":"purchasable","13":"product-type-simple"},"acf":[],"yoast_head":"<!-- This site is optimized with the Yoast SEO Premium plugin v25.3 (Yoast SEO v27.2) - https:\/\/yoast.com\/product\/yoast-seo-premium-wordpress\/ -->\n<title>Surface skin cleansing | Gimnasio Espagat<\/title>\n<meta name=\"description\" content=\"Revitaliza tu piel con nuestra limpieza superficial: limpieza, peeling, masaje y mascarilla facial en un mismo tratamiento. Estamos en Santiago.\" \/>\n<meta name=\"robots\" content=\"index, follow, max-snippet:-1, max-image-preview:large, max-video-preview:-1\" \/>\n<link rel=\"canonical\" href=\"https:\/\/espagat.com\/en\/faciales-en\/surface-skin-cleansing\/\" \/>\n<meta property=\"og:locale\" content=\"en_US\" \/>\n<meta property=\"og:type\" content=\"article\" \/>\n<meta property=\"og:title\" content=\"Surface skin cleansing\" \/>\n<meta property=\"og:description\" content=\"Revitaliza tu piel con nuestra limpieza superficial: limpieza, peeling, masaje y mascarilla facial en un mismo tratamiento. Estamos en Santiago.\" \/>\n<meta property=\"og:url\" content=\"https:\/\/espagat.com\/en\/faciales-en\/surface-skin-cleansing\/\" \/>\n<meta property=\"og:site_name\" content=\"Gimnasio Espagat\" \/>\n<meta property=\"article:modified_time\" content=\"2024-11-04T14:34:11+00:00\" \/>\n<meta property=\"og:image\" content=\"https:\/\/espagat.com\/wp-content\/uploads\/2017\/11\/limpieza-superficial-facial.jpg\" \/>\n\t<meta property=\"og:image:width\" content=\"1024\" \/>\n\t<meta property=\"og:image:height\" content=\"800\" \/>\n\t<meta property=\"og:image:type\" content=\"image\/jpeg\" \/>\n<meta name=\"twitter:card\" content=\"summary_large_image\" \/>\n<meta name=\"twitter:label1\" content=\"Price\" \/>\n\t<meta name=\"twitter:data1\" content=\"30.00&euro;\" \/>\n\t<meta name=\"twitter:label2\" content=\"Availability\" \/>\n\t<meta name=\"twitter:data2\" content=\"In stock\" \/>\n<script type=\"application\/ld+json\" class=\"yoast-schema-graph\">{\"@context\":\"https:\/\/schema.org\",\"@graph\":[{\"@type\":\"WebPage\",\"@id\":\"https:\/\/espagat.com\/en\/faciales-en\/surface-skin-cleansing\/\",\"url\":\"https:\/\/espagat.com\/en\/faciales-en\/surface-skin-cleansing\/\",\"name\":\"Surface skin cleansing | Gimnasio Espagat\",\"isPartOf\":{\"@id\":\"https:\/\/espagat.com\/#website\"},\"primaryImageOfPage\":{\"@id\":\"https:\/\/espagat.com\/en\/faciales-en\/surface-skin-cleansing\/#primaryimage\"},\"image\":{\"@id\":\"https:\/\/espagat.com\/en\/faciales-en\/surface-skin-cleansing\/#primaryimage\"},\"thumbnailUrl\":\"https:\/\/espagat.com\/wp-content\/uploads\/2017\/11\/limpieza-superficial-facial.jpg\",\"datePublished\":\"2019-02-28T17:40:07+00:00\",\"dateModified\":\"2024-11-04T14:34:11+00:00\",\"description\":\"Revitaliza tu piel con nuestra limpieza superficial: limpieza, peeling, masaje y mascarilla facial en un mismo tratamiento. Estamos en Santiago.\",\"breadcrumb\":{\"@id\":\"https:\/\/espagat.com\/en\/faciales-en\/surface-skin-cleansing\/#breadcrumb\"},\"inLanguage\":\"en-US\",\"potentialAction\":[{\"@type\":\"ReadAction\",\"target\":[\"https:\/\/espagat.com\/en\/faciales-en\/surface-skin-cleansing\/\"]}]},{\"@type\":\"ImageObject\",\"inLanguage\":\"en-US\",\"@id\":\"https:\/\/espagat.com\/en\/faciales-en\/surface-skin-cleansing\/#primaryimage\",\"url\":\"https:\/\/espagat.com\/wp-content\/uploads\/2017\/11\/limpieza-superficial-facial.jpg\",\"contentUrl\":\"https:\/\/espagat.com\/wp-content\/uploads\/2017\/11\/limpieza-superficial-facial.jpg\",\"width\":1024,\"height\":800,\"caption\":\"Ven a darte una limpieza superficial para las pieles a Espagat, tu gimnasio en Santiago de Compostela.\"},{\"@type\":\"BreadcrumbList\",\"@id\":\"https:\/\/espagat.com\/en\/faciales-en\/surface-skin-cleansing\/#breadcrumb\",\"itemListElement\":[{\"@type\":\"ListItem\",\"position\":1,\"name\":\"Portada\",\"item\":\"https:\/\/espagat.com\/en\/inicio-dev\/\"},{\"@type\":\"ListItem\",\"position\":2,\"name\":\"Belleza y relax\",\"item\":\"https:\/\/espagat.com\/tienda-belleza-y-relax\/\"},{\"@type\":\"ListItem\",\"position\":3,\"name\":\"Surface skin cleansing\"}]},{\"@type\":\"WebSite\",\"@id\":\"https:\/\/espagat.com\/#website\",\"url\":\"https:\/\/espagat.com\/\",\"name\":\"Espagat | Gimnasio, Piscina y salud en Santiago de Compostela\",\"description\":\"Espagat es m\u00e1s que un gimnasio, tambi\u00e9n ofrecemos servicios de nutrici\u00f3n, spa, piscina y mucho m\u00e1s en Santiago de Compostela. \u00a1\u00danete hoy!\",\"publisher\":{\"@id\":\"https:\/\/espagat.com\/#organization\"},\"alternateName\":\"Gimnasio Espagat | Entrenamiento, piscina y salud en Santiago\",\"potentialAction\":[{\"@type\":\"SearchAction\",\"target\":{\"@type\":\"EntryPoint\",\"urlTemplate\":\"https:\/\/espagat.com\/?s={search_term_string}\"},\"query-input\":{\"@type\":\"PropertyValueSpecification\",\"valueRequired\":true,\"valueName\":\"search_term_string\"}}],\"inLanguage\":\"en-US\"},{\"@type\":[\"Organization\",\"Place\"],\"@id\":\"https:\/\/espagat.com\/#organization\",\"name\":\"Espagat | Gimnasio, Piscina y salud en Santiago de Compostela\",\"alternateName\":\"Gimnasio Espagat | Piscina, entrenamiento personal y salud en Santiago\",\"url\":\"https:\/\/espagat.com\/\",\"logo\":{\"@id\":\"https:\/\/espagat.com\/en\/faciales-en\/surface-skin-cleansing\/#local-main-organization-logo\"},\"image\":{\"@id\":\"https:\/\/espagat.com\/en\/faciales-en\/surface-skin-cleansing\/#local-main-organization-logo\"},\"address\":{\"@id\":\"https:\/\/espagat.com\/en\/faciales-en\/surface-skin-cleansing\/#local-main-place-address\"},\"geo\":{\"@type\":\"GeoCoordinates\",\"latitude\":\"42.87178869285493\",\"longitude\":\"-8.548756741772555\"},\"telephone\":[\"981 59 18 83\"],\"contactPoint\":{\"@type\":\"ContactPoint\",\"telephone\":\"981 59 18 83\",\"email\":\"hola@espagat.com\"},\"openingHoursSpecification\":[{\"@type\":\"OpeningHoursSpecification\",\"dayOfWeek\":[\"Monday\",\"Tuesday\",\"Wednesday\",\"Thursday\",\"Friday\"],\"opens\":\"07:30\",\"closes\":\"22:30\"},{\"@type\":\"OpeningHoursSpecification\",\"dayOfWeek\":[\"Saturday\",\"Sunday\"],\"opens\":\"09:00\",\"closes\":\"15:00\"}],\"email\":\"hola@espagat.com\",\"areaServed\":\"Galicia\",\"vatID\":\"B15067614\",\"taxID\":\"B15067614\"},{\"@type\":\"PostalAddress\",\"@id\":\"https:\/\/espagat.com\/en\/faciales-en\/surface-skin-cleansing\/#local-main-place-address\",\"streetAddress\":\"El Santo, R\u00faa de Fernando III o Santo, 12, Bajo,\",\"addressLocality\":\"Santiago de Compostela\",\"postalCode\":\"15701\",\"addressRegion\":\"La Coru\u00f1a\",\"addressCountry\":\"ES\"},{\"@type\":\"ImageObject\",\"inLanguage\":\"en-US\",\"@id\":\"https:\/\/espagat.com\/en\/faciales-en\/surface-skin-cleansing\/#local-main-organization-logo\",\"url\":\"https:\/\/espagat.com\/wp-content\/uploads\/2017\/12\/logo-color.png\",\"contentUrl\":\"https:\/\/espagat.com\/wp-content\/uploads\/2017\/12\/logo-color.png\",\"width\":300,\"height\":204,\"caption\":\"Espagat | Gimnasio, Piscina y salud en Santiago de Compostela\"}]}<\/script>\n<meta property=\"product:price:amount\" content=\"30.00\" \/>\n<meta property=\"product:price:currency\" content=\"EUR\" \/>\n<meta property=\"og:availability\" content=\"instock\" \/>\n<meta property=\"product:availability\" content=\"instock\" \/>\n<meta property=\"product:retailer_item_id\" content=\"EF2\" \/>\n<meta property=\"product:condition\" content=\"new\" \/>\n<meta name=\"geo.placename\" content=\"Santiago de Compostela\" \/>\n<meta name=\"geo.position\" content=\"42.87178869285493;-8.548756741772555\" \/>\n<meta name=\"geo.region\" content=\"Spain\" \/>\n<!-- \/ Yoast SEO Premium plugin. -->","yoast_head_json":{"title":"Surface skin cleansing | Gimnasio Espagat","description":"Revitaliza tu piel con nuestra limpieza superficial: limpieza, peeling, masaje y mascarilla facial en un mismo tratamiento. Estamos en Santiago.","robots":{"index":"index","follow":"follow","max-snippet":"max-snippet:-1","max-image-preview":"max-image-preview:large","max-video-preview":"max-video-preview:-1"},"canonical":"https:\/\/espagat.com\/en\/faciales-en\/surface-skin-cleansing\/","og_locale":"en_US","og_type":"article","og_title":"Surface skin cleansing","og_description":"Revitaliza tu piel con nuestra limpieza superficial: limpieza, peeling, masaje y mascarilla facial en un mismo tratamiento. Estamos en Santiago.","og_url":"https:\/\/espagat.com\/en\/faciales-en\/surface-skin-cleansing\/","og_site_name":"Gimnasio Espagat","article_modified_time":"2024-11-04T14:34:11+00:00","og_image":[{"width":1024,"height":800,"url":"https:\/\/espagat.com\/wp-content\/uploads\/2017\/11\/limpieza-superficial-facial.jpg","type":"image\/jpeg"}],"twitter_card":"summary_large_image","twitter_misc":{"Price":"30.00&euro;","Availability":"In stock"},"schema":{"@context":"https:\/\/schema.org","@graph":[{"@type":"WebPage","@id":"https:\/\/espagat.com\/en\/faciales-en\/surface-skin-cleansing\/","url":"https:\/\/espagat.com\/en\/faciales-en\/surface-skin-cleansing\/","name":"Surface skin cleansing | Gimnasio Espagat","isPartOf":{"@id":"https:\/\/espagat.com\/#website"},"primaryImageOfPage":{"@id":"https:\/\/espagat.com\/en\/faciales-en\/surface-skin-cleansing\/#primaryimage"},"image":{"@id":"https:\/\/espagat.com\/en\/faciales-en\/surface-skin-cleansing\/#primaryimage"},"thumbnailUrl":"https:\/\/espagat.com\/wp-content\/uploads\/2017\/11\/limpieza-superficial-facial.jpg","datePublished":"2019-02-28T17:40:07+00:00","dateModified":"2024-11-04T14:34:11+00:00","description":"Revitaliza tu piel con nuestra limpieza superficial: limpieza, peeling, masaje y mascarilla facial en un mismo tratamiento. Estamos en Santiago.","breadcrumb":{"@id":"https:\/\/espagat.com\/en\/faciales-en\/surface-skin-cleansing\/#breadcrumb"},"inLanguage":"en-US","potentialAction":[{"@type":"ReadAction","target":["https:\/\/espagat.com\/en\/faciales-en\/surface-skin-cleansing\/"]}]},{"@type":"ImageObject","inLanguage":"en-US","@id":"https:\/\/espagat.com\/en\/faciales-en\/surface-skin-cleansing\/#primaryimage","url":"https:\/\/espagat.com\/wp-content\/uploads\/2017\/11\/limpieza-superficial-facial.jpg","contentUrl":"https:\/\/espagat.com\/wp-content\/uploads\/2017\/11\/limpieza-superficial-facial.jpg","width":1024,"height":800,"caption":"Ven a darte una limpieza superficial para las pieles a Espagat, tu gimnasio en Santiago de Compostela."},{"@type":"BreadcrumbList","@id":"https:\/\/espagat.com\/en\/faciales-en\/surface-skin-cleansing\/#breadcrumb","itemListElement":[{"@type":"ListItem","position":1,"name":"Portada","item":"https:\/\/espagat.com\/en\/inicio-dev\/"},{"@type":"ListItem","position":2,"name":"Belleza y relax","item":"https:\/\/espagat.com\/tienda-belleza-y-relax\/"},{"@type":"ListItem","position":3,"name":"Surface skin cleansing"}]},{"@type":"WebSite","@id":"https:\/\/espagat.com\/#website","url":"https:\/\/espagat.com\/","name":"Espagat | Gimnasio, Piscina y salud en Santiago de Compostela","description":"Espagat es m\u00e1s que un gimnasio, tambi\u00e9n ofrecemos servicios de nutrici\u00f3n, spa, piscina y mucho m\u00e1s en Santiago de Compostela. \u00a1\u00danete hoy!","publisher":{"@id":"https:\/\/espagat.com\/#organization"},"alternateName":"Gimnasio Espagat | Entrenamiento, piscina y salud en Santiago","potentialAction":[{"@type":"SearchAction","target":{"@type":"EntryPoint","urlTemplate":"https:\/\/espagat.com\/?s={search_term_string}"},"query-input":{"@type":"PropertyValueSpecification","valueRequired":true,"valueName":"search_term_string"}}],"inLanguage":"en-US"},{"@type":["Organization","Place"],"@id":"https:\/\/espagat.com\/#organization","name":"Espagat | Gimnasio, Piscina y salud en Santiago de Compostela","alternateName":"Gimnasio Espagat | Piscina, entrenamiento personal y salud en Santiago","url":"https:\/\/espagat.com\/","logo":{"@id":"https:\/\/espagat.com\/en\/faciales-en\/surface-skin-cleansing\/#local-main-organization-logo"},"image":{"@id":"https:\/\/espagat.com\/en\/faciales-en\/surface-skin-cleansing\/#local-main-organization-logo"},"address":{"@id":"https:\/\/espagat.com\/en\/faciales-en\/surface-skin-cleansing\/#local-main-place-address"},"geo":{"@type":"GeoCoordinates","latitude":"42.87178869285493","longitude":"-8.548756741772555"},"telephone":["981 59 18 83"],"contactPoint":{"@type":"ContactPoint","telephone":"981 59 18 83","email":"hola@espagat.com"},"openingHoursSpecification":[{"@type":"OpeningHoursSpecification","dayOfWeek":["Monday","Tuesday","Wednesday","Thursday","Friday"],"opens":"07:30","closes":"22:30"},{"@type":"OpeningHoursSpecification","dayOfWeek":["Saturday","Sunday"],"opens":"09:00","closes":"15:00"}],"email":"hola@espagat.com","areaServed":"Galicia","vatID":"B15067614","taxID":"B15067614"},{"@type":"PostalAddress","@id":"https:\/\/espagat.com\/en\/faciales-en\/surface-skin-cleansing\/#local-main-place-address","streetAddress":"El Santo, R\u00faa de Fernando III o Santo, 12, Bajo,","addressLocality":"Santiago de Compostela","postalCode":"15701","addressRegion":"La Coru\u00f1a","addressCountry":"ES"},{"@type":"ImageObject","inLanguage":"en-US","@id":"https:\/\/espagat.com\/en\/faciales-en\/surface-skin-cleansing\/#local-main-organization-logo","url":"https:\/\/espagat.com\/wp-content\/uploads\/2017\/12\/logo-color.png","contentUrl":"https:\/\/espagat.com\/wp-content\/uploads\/2017\/12\/logo-color.png","width":300,"height":204,"caption":"Espagat | Gimnasio, Piscina y salud en Santiago de Compostela"}]},"product_price_amount":"30.00","product_price_currency":"EUR","og_availability":"instock","product_availability":"instock","product_retailer_item_id":"EF2","product_condition":"new","geo.placename":"Santiago de Compostela","geo.position":{"lat":"42.87178869285493","long":"-8.548756741772555"},"geo.region":"Spain"},"_links":{"self":[{"href":"https:\/\/espagat.com\/en\/wp-json\/wp\/v2\/product\/4163\/"}],"collection":[{"href":"https:\/\/espagat.com\/en\/wp-json\/wp\/v2\/product\/"}],"about":[{"href":"https:\/\/espagat.com\/en\/wp-json\/wp\/v2\/types\/product\/"}],"replies":[{"embeddable":true,"href":"https:\/\/espagat.com\/en\/wp-json\/wp\/v2\/comments\/?post=4163"}],"wp:featuredmedia":[{"embeddable":true,"href":"https:\/\/espagat.com\/en\/wp-json\/wp\/v2\/media\/4164\/"}],"wp:attachment":[{"href":"https:\/\/espagat.com\/en\/wp-json\/wp\/v2\/media\/?parent=4163"}],"wp:term":[{"taxonomy":"product_brand","embeddable":true,"href":"https:\/\/espagat.com\/en\/wp-json\/wp\/v2\/product_brand\/?post=4163"},{"taxonomy":"product_cat","embeddable":true,"href":"https:\/\/espagat.com\/en\/wp-json\/wp\/v2\/product_cat\/?post=4163"},{"taxonomy":"product_tag","embeddable":true,"href":"https:\/\/espagat.com\/en\/wp-json\/wp\/v2\/product_tag\/?post=4163"}],"curies":[{"name":"wp","href":"https:\/\/api.w.org\/{rel}","templated":true}]}}