{"id":4142,"date":"2017-11-08T16:59:05","date_gmt":"2017-11-08T16:59:05","guid":{"rendered":"https:\/\/www.espagat.com\/?post_type=product&#038;p=4142"},"modified":"2024-11-11T11:42:25","modified_gmt":"2024-11-11T10:42:25","slug":"cranial-foot-massage","status":"publish","type":"product","link":"https:\/\/espagat.com\/en\/masajes-en-en\/cranial-foot-massage\/","title":{"rendered":"Cranial \/ Foot Massage"},"content":{"rendered":"<h3>For&#8230;<\/h3>\n<ul>\n<li>\n<p class=\"p1\"><span class=\"s1\">Perfectly complements other therapies offered in the Spa, such as the circuit, baths or wraps. Have you ever thought about how much you enjoy the massage you get at the hairdresser\u2019s or when you get a pedicure? We offer it to you whenever you want.<br \/>\n<\/span><\/p>\n<\/li>\n<\/ul>\n<p><strong>Duration:<\/strong>\u00a05 min.<\/p>\n","protected":false},"excerpt":{"rendered":"<p>For&#8230; Perfectly complements other therapies offered in the Spa, such as the circuit, baths or wraps. Have you ever thought about how much you enjoy the massage you get at<\/p>\n","protected":false},"featured_media":4143,"comment_status":"closed","ping_status":"closed","template":"","meta":{"_acf_changed":false,"inline_featured_image":false},"product_brand":[],"product_cat":[150],"product_tag":[],"class_list":{"0":"post-4142","1":"product","2":"type-product","3":"status-publish","4":"has-post-thumbnail","6":"product_cat-masajes-en-en","8":"first","9":"instock","10":"taxable","11":"shipping-taxable","12":"purchasable","13":"product-type-variable","14":"has-default-attributes"},"acf":[],"yoast_head":"<!-- This site is optimized with the Yoast SEO Premium plugin v25.3 (Yoast SEO v27.2) - https:\/\/yoast.com\/product\/yoast-seo-premium-wordpress\/ -->\n<title>Cranial \/ Foot Massage | Gimnasio Espagat<\/title>\n<meta name=\"description\" content=\"Relax with a cranial \/ foot massage at our gym in Santiago de Compostela. Perfect to combine with other spa treatments. Book now!\" \/>\n<meta name=\"robots\" content=\"index, follow, max-snippet:-1, max-image-preview:large, max-video-preview:-1\" \/>\n<link rel=\"canonical\" href=\"https:\/\/espagat.com\/en\/masajes-en-en\/cranial-foot-massage\/\" \/>\n<meta property=\"og:locale\" content=\"en_US\" \/>\n<meta property=\"og:type\" content=\"article\" \/>\n<meta property=\"og:title\" content=\"Cranial \/ Foot Massage\" \/>\n<meta property=\"og:description\" content=\"Relax with a cranial \/ foot massage at our gym in Santiago de Compostela. Perfect to combine with other spa treatments. Book now!\" \/>\n<meta property=\"og:url\" content=\"https:\/\/espagat.com\/en\/masajes-en-en\/cranial-foot-massage\/\" \/>\n<meta property=\"og:site_name\" content=\"Gimnasio Espagat\" \/>\n<meta property=\"article:modified_time\" content=\"2024-11-11T10:42:25+00:00\" \/>\n<meta property=\"og:image\" content=\"https:\/\/espagat.com\/wp-content\/uploads\/2017\/11\/masaje-craneal.jpg\" \/>\n\t<meta property=\"og:image:width\" content=\"1024\" \/>\n\t<meta property=\"og:image:height\" content=\"800\" \/>\n\t<meta property=\"og:image:type\" content=\"image\/jpeg\" \/>\n<meta name=\"twitter:card\" content=\"summary_large_image\" \/>\n<meta name=\"twitter:label1\" content=\"Availability\" \/>\n\t<meta name=\"twitter:data1\" content=\"In stock\" \/>\n<script type=\"application\/ld+json\" class=\"yoast-schema-graph\">{\"@context\":\"https:\/\/schema.org\",\"@graph\":[{\"@type\":\"WebPage\",\"@id\":\"https:\/\/espagat.com\/en\/masajes-en-en\/cranial-foot-massage\/\",\"url\":\"https:\/\/espagat.com\/en\/masajes-en-en\/cranial-foot-massage\/\",\"name\":\"Cranial \/ Foot Massage | Gimnasio Espagat\",\"isPartOf\":{\"@id\":\"https:\/\/espagat.com\/#website\"},\"primaryImageOfPage\":{\"@id\":\"https:\/\/espagat.com\/en\/masajes-en-en\/cranial-foot-massage\/#primaryimage\"},\"image\":{\"@id\":\"https:\/\/espagat.com\/en\/masajes-en-en\/cranial-foot-massage\/#primaryimage\"},\"thumbnailUrl\":\"https:\/\/espagat.com\/wp-content\/uploads\/2017\/11\/masaje-craneal.jpg\",\"datePublished\":\"2017-11-08T16:59:05+00:00\",\"dateModified\":\"2024-11-11T10:42:25+00:00\",\"description\":\"Relax with a cranial \/ foot massage at our gym in Santiago de Compostela. Perfect to combine with other spa treatments. Book now!\",\"breadcrumb\":{\"@id\":\"https:\/\/espagat.com\/en\/masajes-en-en\/cranial-foot-massage\/#breadcrumb\"},\"inLanguage\":\"en-US\",\"potentialAction\":[{\"@type\":\"ReadAction\",\"target\":[\"https:\/\/espagat.com\/en\/masajes-en-en\/cranial-foot-massage\/\"]}]},{\"@type\":\"ImageObject\",\"inLanguage\":\"en-US\",\"@id\":\"https:\/\/espagat.com\/en\/masajes-en-en\/cranial-foot-massage\/#primaryimage\",\"url\":\"https:\/\/espagat.com\/wp-content\/uploads\/2017\/11\/masaje-craneal.jpg\",\"contentUrl\":\"https:\/\/espagat.com\/wp-content\/uploads\/2017\/11\/masaje-craneal.jpg\",\"width\":1024,\"height\":800,\"caption\":\"Masaje craneal de Espagat.\"},{\"@type\":\"BreadcrumbList\",\"@id\":\"https:\/\/espagat.com\/en\/masajes-en-en\/cranial-foot-massage\/#breadcrumb\",\"itemListElement\":[{\"@type\":\"ListItem\",\"position\":1,\"name\":\"Portada\",\"item\":\"https:\/\/espagat.com\/en\/inicio-dev\/\"},{\"@type\":\"ListItem\",\"position\":2,\"name\":\"Belleza y relax\",\"item\":\"https:\/\/espagat.com\/tienda-belleza-y-relax\/\"},{\"@type\":\"ListItem\",\"position\":3,\"name\":\"Cranial \/ Foot Massage\"}]},{\"@type\":\"WebSite\",\"@id\":\"https:\/\/espagat.com\/#website\",\"url\":\"https:\/\/espagat.com\/\",\"name\":\"Espagat | Gimnasio, Piscina y salud en Santiago de Compostela\",\"description\":\"Espagat es m\u00e1s que un gimnasio, tambi\u00e9n ofrecemos servicios de nutrici\u00f3n, spa, piscina y mucho m\u00e1s en Santiago de Compostela. \u00a1\u00danete hoy!\",\"publisher\":{\"@id\":\"https:\/\/espagat.com\/#organization\"},\"alternateName\":\"Gimnasio Espagat | Entrenamiento, piscina y salud en Santiago\",\"potentialAction\":[{\"@type\":\"SearchAction\",\"target\":{\"@type\":\"EntryPoint\",\"urlTemplate\":\"https:\/\/espagat.com\/?s={search_term_string}\"},\"query-input\":{\"@type\":\"PropertyValueSpecification\",\"valueRequired\":true,\"valueName\":\"search_term_string\"}}],\"inLanguage\":\"en-US\"},{\"@type\":[\"Organization\",\"Place\"],\"@id\":\"https:\/\/espagat.com\/#organization\",\"name\":\"Espagat | Gimnasio, Piscina y salud en Santiago de Compostela\",\"alternateName\":\"Gimnasio Espagat | Piscina, entrenamiento personal y salud en Santiago\",\"url\":\"https:\/\/espagat.com\/\",\"logo\":{\"@id\":\"https:\/\/espagat.com\/en\/masajes-en-en\/cranial-foot-massage\/#local-main-organization-logo\"},\"image\":{\"@id\":\"https:\/\/espagat.com\/en\/masajes-en-en\/cranial-foot-massage\/#local-main-organization-logo\"},\"address\":{\"@id\":\"https:\/\/espagat.com\/en\/masajes-en-en\/cranial-foot-massage\/#local-main-place-address\"},\"geo\":{\"@type\":\"GeoCoordinates\",\"latitude\":\"42.87178869285493\",\"longitude\":\"-8.548756741772555\"},\"telephone\":[\"981 59 18 83\"],\"contactPoint\":{\"@type\":\"ContactPoint\",\"telephone\":\"981 59 18 83\",\"email\":\"hola@espagat.com\"},\"openingHoursSpecification\":[{\"@type\":\"OpeningHoursSpecification\",\"dayOfWeek\":[\"Monday\",\"Tuesday\",\"Wednesday\",\"Thursday\",\"Friday\"],\"opens\":\"07:30\",\"closes\":\"22:30\"},{\"@type\":\"OpeningHoursSpecification\",\"dayOfWeek\":[\"Saturday\",\"Sunday\"],\"opens\":\"09:00\",\"closes\":\"15:00\"}],\"email\":\"hola@espagat.com\",\"areaServed\":\"Galicia\",\"vatID\":\"B15067614\",\"taxID\":\"B15067614\"},{\"@type\":\"PostalAddress\",\"@id\":\"https:\/\/espagat.com\/en\/masajes-en-en\/cranial-foot-massage\/#local-main-place-address\",\"streetAddress\":\"El Santo, R\u00faa de Fernando III o Santo, 12, Bajo,\",\"addressLocality\":\"Santiago de Compostela\",\"postalCode\":\"15701\",\"addressRegion\":\"La Coru\u00f1a\",\"addressCountry\":\"ES\"},{\"@type\":\"ImageObject\",\"inLanguage\":\"en-US\",\"@id\":\"https:\/\/espagat.com\/en\/masajes-en-en\/cranial-foot-massage\/#local-main-organization-logo\",\"url\":\"https:\/\/espagat.com\/wp-content\/uploads\/2017\/12\/logo-color.png\",\"contentUrl\":\"https:\/\/espagat.com\/wp-content\/uploads\/2017\/12\/logo-color.png\",\"width\":300,\"height\":204,\"caption\":\"Espagat | Gimnasio, Piscina y salud en Santiago de Compostela\"}]}<\/script>\n<meta property=\"og:availability\" content=\"instock\" \/>\n<meta property=\"product:availability\" content=\"instock\" \/>\n<meta property=\"product:condition\" content=\"new\" \/>\n<meta name=\"geo.placename\" content=\"Santiago de Compostela\" \/>\n<meta name=\"geo.position\" content=\"42.87178869285493;-8.548756741772555\" \/>\n<meta name=\"geo.region\" content=\"Spain\" \/>\n<!-- \/ Yoast SEO Premium plugin. -->","yoast_head_json":{"title":"Cranial \/ Foot Massage | Gimnasio Espagat","description":"Relax with a cranial \/ foot massage at our gym in Santiago de Compostela. Perfect to combine with other spa treatments. Book now!","robots":{"index":"index","follow":"follow","max-snippet":"max-snippet:-1","max-image-preview":"max-image-preview:large","max-video-preview":"max-video-preview:-1"},"canonical":"https:\/\/espagat.com\/en\/masajes-en-en\/cranial-foot-massage\/","og_locale":"en_US","og_type":"article","og_title":"Cranial \/ Foot Massage","og_description":"Relax with a cranial \/ foot massage at our gym in Santiago de Compostela. Perfect to combine with other spa treatments. Book now!","og_url":"https:\/\/espagat.com\/en\/masajes-en-en\/cranial-foot-massage\/","og_site_name":"Gimnasio Espagat","article_modified_time":"2024-11-11T10:42:25+00:00","og_image":[{"width":1024,"height":800,"url":"https:\/\/espagat.com\/wp-content\/uploads\/2017\/11\/masaje-craneal.jpg","type":"image\/jpeg"}],"twitter_card":"summary_large_image","twitter_misc":{"Availability":"In stock"},"schema":{"@context":"https:\/\/schema.org","@graph":[{"@type":"WebPage","@id":"https:\/\/espagat.com\/en\/masajes-en-en\/cranial-foot-massage\/","url":"https:\/\/espagat.com\/en\/masajes-en-en\/cranial-foot-massage\/","name":"Cranial \/ Foot Massage | Gimnasio Espagat","isPartOf":{"@id":"https:\/\/espagat.com\/#website"},"primaryImageOfPage":{"@id":"https:\/\/espagat.com\/en\/masajes-en-en\/cranial-foot-massage\/#primaryimage"},"image":{"@id":"https:\/\/espagat.com\/en\/masajes-en-en\/cranial-foot-massage\/#primaryimage"},"thumbnailUrl":"https:\/\/espagat.com\/wp-content\/uploads\/2017\/11\/masaje-craneal.jpg","datePublished":"2017-11-08T16:59:05+00:00","dateModified":"2024-11-11T10:42:25+00:00","description":"Relax with a cranial \/ foot massage at our gym in Santiago de Compostela. Perfect to combine with other spa treatments. Book now!","breadcrumb":{"@id":"https:\/\/espagat.com\/en\/masajes-en-en\/cranial-foot-massage\/#breadcrumb"},"inLanguage":"en-US","potentialAction":[{"@type":"ReadAction","target":["https:\/\/espagat.com\/en\/masajes-en-en\/cranial-foot-massage\/"]}]},{"@type":"ImageObject","inLanguage":"en-US","@id":"https:\/\/espagat.com\/en\/masajes-en-en\/cranial-foot-massage\/#primaryimage","url":"https:\/\/espagat.com\/wp-content\/uploads\/2017\/11\/masaje-craneal.jpg","contentUrl":"https:\/\/espagat.com\/wp-content\/uploads\/2017\/11\/masaje-craneal.jpg","width":1024,"height":800,"caption":"Masaje craneal de Espagat."},{"@type":"BreadcrumbList","@id":"https:\/\/espagat.com\/en\/masajes-en-en\/cranial-foot-massage\/#breadcrumb","itemListElement":[{"@type":"ListItem","position":1,"name":"Portada","item":"https:\/\/espagat.com\/en\/inicio-dev\/"},{"@type":"ListItem","position":2,"name":"Belleza y relax","item":"https:\/\/espagat.com\/tienda-belleza-y-relax\/"},{"@type":"ListItem","position":3,"name":"Cranial \/ Foot Massage"}]},{"@type":"WebSite","@id":"https:\/\/espagat.com\/#website","url":"https:\/\/espagat.com\/","name":"Espagat | Gimnasio, Piscina y salud en Santiago de Compostela","description":"Espagat es m\u00e1s que un gimnasio, tambi\u00e9n ofrecemos servicios de nutrici\u00f3n, spa, piscina y mucho m\u00e1s en Santiago de Compostela. \u00a1\u00danete hoy!","publisher":{"@id":"https:\/\/espagat.com\/#organization"},"alternateName":"Gimnasio Espagat | Entrenamiento, piscina y salud en Santiago","potentialAction":[{"@type":"SearchAction","target":{"@type":"EntryPoint","urlTemplate":"https:\/\/espagat.com\/?s={search_term_string}"},"query-input":{"@type":"PropertyValueSpecification","valueRequired":true,"valueName":"search_term_string"}}],"inLanguage":"en-US"},{"@type":["Organization","Place"],"@id":"https:\/\/espagat.com\/#organization","name":"Espagat | Gimnasio, Piscina y salud en Santiago de Compostela","alternateName":"Gimnasio Espagat | Piscina, entrenamiento personal y salud en Santiago","url":"https:\/\/espagat.com\/","logo":{"@id":"https:\/\/espagat.com\/en\/masajes-en-en\/cranial-foot-massage\/#local-main-organization-logo"},"image":{"@id":"https:\/\/espagat.com\/en\/masajes-en-en\/cranial-foot-massage\/#local-main-organization-logo"},"address":{"@id":"https:\/\/espagat.com\/en\/masajes-en-en\/cranial-foot-massage\/#local-main-place-address"},"geo":{"@type":"GeoCoordinates","latitude":"42.87178869285493","longitude":"-8.548756741772555"},"telephone":["981 59 18 83"],"contactPoint":{"@type":"ContactPoint","telephone":"981 59 18 83","email":"hola@espagat.com"},"openingHoursSpecification":[{"@type":"OpeningHoursSpecification","dayOfWeek":["Monday","Tuesday","Wednesday","Thursday","Friday"],"opens":"07:30","closes":"22:30"},{"@type":"OpeningHoursSpecification","dayOfWeek":["Saturday","Sunday"],"opens":"09:00","closes":"15:00"}],"email":"hola@espagat.com","areaServed":"Galicia","vatID":"B15067614","taxID":"B15067614"},{"@type":"PostalAddress","@id":"https:\/\/espagat.com\/en\/masajes-en-en\/cranial-foot-massage\/#local-main-place-address","streetAddress":"El Santo, R\u00faa de Fernando III o Santo, 12, Bajo,","addressLocality":"Santiago de Compostela","postalCode":"15701","addressRegion":"La Coru\u00f1a","addressCountry":"ES"},{"@type":"ImageObject","inLanguage":"en-US","@id":"https:\/\/espagat.com\/en\/masajes-en-en\/cranial-foot-massage\/#local-main-organization-logo","url":"https:\/\/espagat.com\/wp-content\/uploads\/2017\/12\/logo-color.png","contentUrl":"https:\/\/espagat.com\/wp-content\/uploads\/2017\/12\/logo-color.png","width":300,"height":204,"caption":"Espagat | Gimnasio, Piscina y salud en Santiago de Compostela"}]},"og_availability":"instock","product_availability":"instock","product_condition":"new","geo.placename":"Santiago de Compostela","geo.position":{"lat":"42.87178869285493","long":"-8.548756741772555"},"geo.region":"Spain"},"_links":{"self":[{"href":"https:\/\/espagat.com\/en\/wp-json\/wp\/v2\/product\/4142\/"}],"collection":[{"href":"https:\/\/espagat.com\/en\/wp-json\/wp\/v2\/product\/"}],"about":[{"href":"https:\/\/espagat.com\/en\/wp-json\/wp\/v2\/types\/product\/"}],"replies":[{"embeddable":true,"href":"https:\/\/espagat.com\/en\/wp-json\/wp\/v2\/comments\/?post=4142"}],"wp:featuredmedia":[{"embeddable":true,"href":"https:\/\/espagat.com\/en\/wp-json\/wp\/v2\/media\/4143\/"}],"wp:attachment":[{"href":"https:\/\/espagat.com\/en\/wp-json\/wp\/v2\/media\/?parent=4142"}],"wp:term":[{"taxonomy":"product_brand","embeddable":true,"href":"https:\/\/espagat.com\/en\/wp-json\/wp\/v2\/product_brand\/?post=4142"},{"taxonomy":"product_cat","embeddable":true,"href":"https:\/\/espagat.com\/en\/wp-json\/wp\/v2\/product_cat\/?post=4142"},{"taxonomy":"product_tag","embeddable":true,"href":"https:\/\/espagat.com\/en\/wp-json\/wp\/v2\/product_tag\/?post=4142"}],"curies":[{"name":"wp","href":"https:\/\/api.w.org\/{rel}","templated":true}]}}