{"id":4607,"date":"2019-04-01T14:14:52","date_gmt":"2019-04-01T12:14:52","guid":{"rendered":"https:\/\/www.espagat.com\/?page_id=4607"},"modified":"2024-11-11T12:18:18","modified_gmt":"2024-11-11T11:18:18","slug":"jobs","status":"publish","type":"page","link":"https:\/\/espagat.com\/en\/jobs\/","title":{"rendered":"Jobs"},"content":{"rendered":"<div class=\"wpb-content-wrapper\"><p>[vc_row el_class=&#8221;no-padding-top no-padding-bottom&#8221;][vc_column][vc_column_text]    <script type=\"text\/javascript\" src=\"https:\/\/maps.googleapis.com\/maps\/api\/js?sensor=true&key=AIzaSyDqvxCaU67rXnrWQqQA4WhZfMa1PBCUKZI\"><\/script>\n    \n    <div id=\"mapcanvas\" class=\"map\"><\/div>\n    <script>\n    \/\/Google maps\n    var myLatlng_mapcanvas;\n    var map_mapcanvas;\n    var marker_mapcanvas;\n\n    function initialize_mapcanvas() {\n        myLatlng_mapcanvas = new google.maps.LatLng(42.8716399,-8.5487872);\n\n        var styles = [{\"featureType\":\"administrative\",\"elementType\":\"all\",\"stylers\":[{\"visibility\":\"on\"},{\"saturation\":-100},{\"lightness\":20}]},{\"featureType\":\"road\",\"elementType\":\"all\",\"stylers\":[{\"visibility\":\"on\"},{\"saturation\":-100},{\"lightness\":40}]},{\"featureType\":\"water\",\"elementType\":\"all\",\"stylers\":[{\"visibility\":\"on\"},{\"saturation\":-10},{\"lightness\":30}]},{\"featureType\":\"landscape.man_made\",\"elementType\":\"all\",\"stylers\":[{\"visibility\":\"simplified\"},{\"saturation\":-60},{\"lightness\":10}]},{\"featureType\":\"landscape.natural\",\"elementType\":\"all\",\"stylers\":[{\"visibility\":\"simplified\"},{\"saturation\":-60},{\"lightness\":60}]},{\"featureType\":\"poi\",\"elementType\":\"all\",\"stylers\":[{\"visibility\":\"off\"},{\"saturation\":-100},{\"lightness\":60}]},{\"featureType\":\"transit\",\"elementType\":\"all\",\"stylers\":[{\"visibility\":\"off\"},{\"saturation\":-100},{\"lightness\":60}]}];\n\n        var mapOptions = {\n          zoom: 15,\n          center: myLatlng_mapcanvas,\n          mapTypeId: google.maps.MapTypeId.ROADMAP,\n          scrollwheel: false,\n          draggable: true,\n          styles: styles\n        };\n        map_mapcanvas = new google.maps.Map(document.getElementById('mapcanvas'), mapOptions);\n\n        var contentString = '<p style=\"line-height: 20px;\"><strong>Espagat<\/strong><\/p><p>Fernando III El Santo, 12 Bajo<br>Santiago de Compostela<br>15.701 A Coru\u00f1a<\/p><p>Tfno: 981 59 18 83<br>Fax: 981 57 00 44<\/p>';\n\n        var infowindow = new google.maps.InfoWindow({\n          content: contentString\n        });\n\n        marker_mapcanvas = new google.maps.Marker({\n          position: myLatlng_mapcanvas,\n          map: map_mapcanvas,\n          title: 'Marker',\n          icon: 'https:\/\/espagat.com\/wp-content\/themes\/espagat\/img\/marker.png'\n        });\n\n        google.maps.event.addListener(marker_mapcanvas, 'click', function() {\n          infowindow.open(map_mapcanvas,marker_mapcanvas);\n        });\n    }\n\n    google.maps.event.addDomListener(window, 'load', initialize_mapcanvas);\n    <\/script>\n    [\/vc_column_text][\/vc_column][\/vc_row][vc_row el_class=&#8221;no-padding-top&#8221;][vc_column el_class=&#8221;container&#8221;][vc_row_inner el_class=&#8221;contact-box&#8221;][vc_column_inner width=&#8221;2\/3&#8243;][vc_column_text el_class=&#8221;inner-contact-box&#8221;]<\/p>\n<h1><span style=\"color: #4b81c9;\">EMPLOYMENT FORM<\/span><\/h1>\n\n<div class=\"wpcf7 no-js\" id=\"wpcf7-f4606-o1\" lang=\"es-ES\" dir=\"ltr\" data-wpcf7-id=\"4606\">\n<div class=\"screen-reader-response\"><p role=\"status\" aria-live=\"polite\" aria-atomic=\"true\"><\/p> <ul><\/ul><\/div>\n<form action=\"\/en\/wp-json\/wp\/v2\/pages\/4607#wpcf7-f4606-o1\" method=\"post\" class=\"wpcf7-form init wpcf7-acceptance-as-validation\" aria-label=\"Contact form\" enctype=\"multipart\/form-data\" novalidate=\"novalidate\" data-status=\"init\">\n<div style=\"display: none;\">\n<input type=\"hidden\" name=\"_wpcf7\" value=\"4606\" \/>\n<input type=\"hidden\" name=\"_wpcf7_version\" value=\"6.0.3\" \/>\n<input type=\"hidden\" name=\"_wpcf7_locale\" value=\"es_ES\" \/>\n<input type=\"hidden\" name=\"_wpcf7_unit_tag\" value=\"wpcf7-f4606-o1\" \/>\n<input type=\"hidden\" name=\"_wpcf7_container_post\" value=\"0\" \/>\n<input type=\"hidden\" name=\"_wpcf7_posted_data_hash\" value=\"\" \/>\n<\/div>\n<p><span class=\"wpcf7-form-control-wrap\" data-name=\"your-name\"><input size=\"40\" maxlength=\"400\" class=\"wpcf7-form-control wpcf7-text wpcf7-validates-as-required\" aria-required=\"true\" aria-invalid=\"false\" placeholder=\"Name *\" value=\"\" type=\"text\" name=\"your-name\" \/><\/span>\n<\/p>\n<p><span id=\"wpcf7-69d72ea7bcd92-wrapper\" class=\"wpcf7-form-control-wrap website-wrap\" ><label for=\"wpcf7-69d72ea7bcd92-field\" class=\"hp-message\">Por favor, deja este campo vac\u00edo.<\/label><input id=\"wpcf7-69d72ea7bcd92-field\"  class=\"wpcf7-form-control wpcf7-text\" type=\"text\" name=\"website\" value=\"\" size=\"40\" tabindex=\"-1\" autocomplete=\"new-password\" \/><\/span>\n<\/p>\n<p><span class=\"wpcf7-form-control-wrap\" data-name=\"your-surname\"><input size=\"40\" maxlength=\"400\" class=\"wpcf7-form-control wpcf7-text wpcf7-validates-as-required\" aria-required=\"true\" aria-invalid=\"false\" placeholder=\"Surname *\" value=\"\" type=\"text\" name=\"your-surname\" \/><\/span>\n<\/p>\n<p><span class=\"wpcf7-form-control-wrap\" data-name=\"your-dni\"><input size=\"40\" maxlength=\"400\" class=\"wpcf7-form-control wpcf7-text wpcf7-validates-as-required\" aria-required=\"true\" aria-invalid=\"false\" placeholder=\"DNI *\" value=\"\" type=\"text\" name=\"your-dni\" \/><\/span>\n<\/p>\n<p><span class=\"wpcf7-form-control-wrap\" data-name=\"your-birthdate\"><input size=\"40\" maxlength=\"400\" class=\"wpcf7-form-control wpcf7-text fecha-contactar\" aria-invalid=\"false\" placeholder=\"Birthdate\" value=\"\" type=\"text\" name=\"your-birthdate\" \/><\/span>\n<\/p>\n<p><span class=\"wpcf7-form-control-wrap\" data-name=\"your-email\"><input size=\"40\" maxlength=\"400\" class=\"wpcf7-form-control wpcf7-email wpcf7-validates-as-required wpcf7-text wpcf7-validates-as-email\" aria-required=\"true\" aria-invalid=\"false\" placeholder=\"Email *\" value=\"\" type=\"email\" name=\"your-email\" \/><\/span>\n<\/p>\n<p><span id=\"wpcf7-69d72ea7bce8e-wrapper\" class=\"wpcf7-form-control-wrap subject-wrap\" ><label for=\"wpcf7-69d72ea7bce8e-field\" class=\"hp-message\">Por favor, deja este campo vac\u00edo.<\/label><input id=\"wpcf7-69d72ea7bce8e-field\"  class=\"wpcf7-form-control wpcf7-text\" type=\"text\" name=\"subject\" value=\"\" size=\"40\" tabindex=\"-1\" autocomplete=\"new-password\" \/><\/span>\n<\/p>\n<p><span class=\"wpcf7-form-control-wrap\" data-name=\"your-subject\"><input size=\"40\" maxlength=\"400\" class=\"wpcf7-form-control wpcf7-text\" aria-invalid=\"false\" placeholder=\"Curriculum Vitae\" value=\"\" type=\"text\" name=\"your-subject\" \/><\/span>\n<\/p>\n<p><span class=\"wpcf7-form-control-wrap\" data-name=\"your-message\"><textarea cols=\"40\" rows=\"10\" maxlength=\"2000\" class=\"wpcf7-form-control wpcf7-textarea wpcf7-validates-as-required\" aria-required=\"true\" aria-invalid=\"false\" placeholder=\"Message *\" name=\"your-message\"><\/textarea><\/span>\n<\/p>\n<p> Attach your curriculum vitae<span class=\"wpcf7-form-control-wrap\" data-name=\"cv\"><input size=\"40\" class=\"wpcf7-form-control wpcf7-file\" accept=\"audio\/*,video\/*,image\/*\" aria-invalid=\"false\" type=\"file\" name=\"cv\" \/><\/span>\n<\/p>\n<p class=\"small legal-contacto\">Entity in charge: Identity: ESPAGAT, SL - NIF: B15067614 Postal address: Fernando III el Santo 12 15701 Santiago de Compostela Telephone: 981591883 E-mail: comunicacion@espagat.com. On behalf of the company, we hold the information you provide us in order to provide you with the requested service and perform billing of same. The data provided will be kept as long as the commercial relationship is maintained or the number of years required to comply with legal obligations. The data will not be transferred to third parties except in cases where there is a legal obligation. You have the right to obtain confirmation on whether ESPAGAT, SL holds your personal data, therefore you have the right to access your personal data, correct inaccurate data or request its deletion when the data is no longer necessary.\n<\/p>\n<p class=\"small legal-cv\" style=\"display:none;\">Entity in charge: Identity: ESPAGAT, SL - NIF: B15067614 Postal address: Fernando III el Santo 12 15701 Santiago de Compostela Telephone: 981591883 E-mail: comunicacion@espagat.com. On behalf of the company, we hold the information you provide us in order to provide you with the requested service and perform billing of same. The data provided will be kept as long as the commercial relationship is maintained or the number of years required to comply with legal obligations. The data will not be transferred to third parties except in cases where there is a legal obligation. You have the right to obtain confirmation on whether ESPAGAT, SL holds your personal data, therefore you have the right to access your personal data, correct inaccurate data or request its deletion when the data is no longer necessary.\n<\/p>\n<div class=\"checkbox\">\n\t<p><label><span class=\"wpcf7-form-control-wrap\" data-name=\"consentimiento\"><span class=\"wpcf7-form-control wpcf7-acceptance\"><span class=\"wpcf7-list-item\"><label><input type=\"checkbox\" name=\"consentimiento\" value=\"1\" aria-invalid=\"false\" \/><span class=\"wpcf7-list-item-label\">I have read and accept the  <a href=\"https:\/\/www.espagat.com\/aviso-legal\/\" rel=\"nofollow\" target=\"_blank\">privacy policy<\/a><\/span><\/label><\/span><\/span><\/span><\/label>\n\t<\/p>\n<\/div>\n<div class=\"checkbox\">\n\t<p><label><span class=\"wpcf7-form-control-wrap\" data-name=\"comunicaciones\"><span class=\"wpcf7-form-control wpcf7-checkbox aceptacion-comunicaciones\"><span class=\"wpcf7-list-item first last\"><input type=\"checkbox\" name=\"comunicaciones[]\" value=\"S\u00ed\" \/><span class=\"wpcf7-list-item-label\">S\u00ed<\/span><\/span><\/span><\/span> I consent to Espagat using my data to send me information on products and services related to those requested and customer loyalty.<br \/>\n<\/label>\n\t<\/p>\n<\/div>\n<p><input class=\"wpcf7-form-control wpcf7-submit has-spinner\" type=\"submit\" value=\"SEND\" \/>\n<\/p><div class=\"wpcf7-response-output\" aria-hidden=\"true\"><\/div>\n<\/form>\n<\/div>\n\n<p><a class=\"link-trabajar\" href=\"#\"><strong>Do you want to work with us? Make click here and complete the form<\/strong><\/a>[\/vc_column_text][\/vc_column_inner][vc_column_inner width=&#8221;1\/3&#8243;][vc_column_text el_class=&#8221;sidebar-contact&#8221;]<img decoding=\"async\" class=\"img-responsive logo-contact\" src=\"https:\/\/www.espagat.com\/wp-content\/uploads\/2017\/11\/logo-inv.png\" \/><br \/>\n    <i class=\"fa fa-map-marker\"><\/i>\n<br \/>\nFernando III El Santo, 12 Bajo<br \/>\nSantiago de Compostela<br \/>\n15.701 A Coru\u00f1a<br \/>\n    <i class=\"fa fa-phone\"><\/i>\n<br \/>\nTfno: 981 59 18 83<br \/>\nFax: 981 57 00 44<br \/>\n    <i class=\"fa fa-paper-plane\"><\/i>\n<br \/>\nhola@espagat.com[\/vc_column_text][\/vc_column_inner][\/vc_row_inner][\/vc_column][\/vc_row]<\/p>\n<\/div>","protected":false},"excerpt":{"rendered":"<p>[vc_row el_class=&#8221;no-padding-top no-padding-bottom&#8221;][vc_column][vc_column_text][\/vc_column_text][\/vc_column][\/vc_row][vc_row el_class=&#8221;no-padding-top&#8221;][vc_column el_class=&#8221;container&#8221;][vc_row_inner el_class=&#8221;contact-box&#8221;][vc_column_inner width=&#8221;2\/3&#8243;][vc_column_text el_class=&#8221;inner-contact-box&#8221;] EMPLOYMENT FORM Do you want to work with us? Make click here and complete the form[\/vc_column_text][\/vc_column_inner][vc_column_inner width=&#8221;1\/3&#8243;][vc_column_text el_class=&#8221;sidebar-contact&#8221;] Fernando III El Santo,<\/p>\n","protected":false},"author":43,"featured_media":0,"parent":0,"menu_order":0,"comment_status":"closed","ping_status":"closed","template":"","meta":{"_acf_changed":false,"inline_featured_image":false,"footnotes":""},"class_list":["post-4607","page","type-page","status-publish","hentry"],"acf":[],"yoast_head":"<!-- This site is optimized with the Yoast SEO Premium plugin v25.3 (Yoast SEO v27.2) - https:\/\/yoast.com\/product\/yoast-seo-premium-wordpress\/ -->\n<title>Jobs | Gimnasio Espagat<\/title>\n<meta name=\"description\" content=\"Join our team! Check out our jobs offers at Espagat, your gym in Santiago de Compostela. Send your CV and be part of our team!\" \/>\n<meta name=\"robots\" content=\"index, follow, max-snippet:-1, max-image-preview:large, max-video-preview:-1\" \/>\n<link rel=\"canonical\" href=\"https:\/\/espagat.com\/en\/jobs\/\" \/>\n<meta property=\"og:locale\" content=\"en_US\" \/>\n<meta property=\"og:type\" content=\"article\" \/>\n<meta property=\"og:title\" content=\"Jobs\" \/>\n<meta property=\"og:description\" content=\"Join our team! Check out our jobs offers at Espagat, your gym in Santiago de Compostela. Send your CV and be part of our team!\" \/>\n<meta property=\"og:url\" content=\"https:\/\/espagat.com\/en\/jobs\/\" \/>\n<meta property=\"og:site_name\" content=\"Gimnasio Espagat\" \/>\n<meta property=\"article:modified_time\" content=\"2024-11-11T11:18:18+00:00\" \/>\n<meta property=\"og:image\" content=\"https:\/\/www.espagat.com\/wp-content\/uploads\/2017\/11\/logo-inv.png\" \/>\n<meta name=\"twitter:card\" content=\"summary_large_image\" \/>\n<meta name=\"twitter:label1\" content=\"Est. reading time\" \/>\n\t<meta name=\"twitter:data1\" content=\"1 minute\" \/>\n<script type=\"application\/ld+json\" class=\"yoast-schema-graph\">{\"@context\":\"https:\/\/schema.org\",\"@graph\":[{\"@type\":\"WebPage\",\"@id\":\"https:\/\/espagat.com\/en\/jobs\/\",\"url\":\"https:\/\/espagat.com\/en\/jobs\/\",\"name\":\"Jobs | Gimnasio Espagat\",\"isPartOf\":{\"@id\":\"https:\/\/espagat.com\/#website\"},\"primaryImageOfPage\":{\"@id\":\"https:\/\/espagat.com\/en\/jobs\/#primaryimage\"},\"image\":{\"@id\":\"https:\/\/espagat.com\/en\/jobs\/#primaryimage\"},\"thumbnailUrl\":\"https:\/\/www.espagat.com\/wp-content\/uploads\/2017\/11\/logo-inv.png\",\"datePublished\":\"2019-04-01T12:14:52+00:00\",\"dateModified\":\"2024-11-11T11:18:18+00:00\",\"description\":\"Join our team! Check out our jobs offers at Espagat, your gym in Santiago de Compostela. Send your CV and be part of our team!\",\"breadcrumb\":{\"@id\":\"https:\/\/espagat.com\/en\/jobs\/#breadcrumb\"},\"inLanguage\":\"en-US\",\"potentialAction\":[{\"@type\":\"ReadAction\",\"target\":[\"https:\/\/espagat.com\/en\/jobs\/\"]}]},{\"@type\":\"ImageObject\",\"inLanguage\":\"en-US\",\"@id\":\"https:\/\/espagat.com\/en\/jobs\/#primaryimage\",\"url\":\"https:\/\/www.espagat.com\/wp-content\/uploads\/2017\/11\/logo-inv.png\",\"contentUrl\":\"https:\/\/www.espagat.com\/wp-content\/uploads\/2017\/11\/logo-inv.png\"},{\"@type\":\"BreadcrumbList\",\"@id\":\"https:\/\/espagat.com\/en\/jobs\/#breadcrumb\",\"itemListElement\":[{\"@type\":\"ListItem\",\"position\":1,\"name\":\"Portada\",\"item\":\"https:\/\/espagat.com\/en\/inicio-dev\/\"},{\"@type\":\"ListItem\",\"position\":2,\"name\":\"Jobs\"}]},{\"@type\":\"WebSite\",\"@id\":\"https:\/\/espagat.com\/#website\",\"url\":\"https:\/\/espagat.com\/\",\"name\":\"Espagat | Gimnasio, Piscina y salud en Santiago de Compostela\",\"description\":\"Espagat es m\u00e1s que un gimnasio, tambi\u00e9n ofrecemos servicios de nutrici\u00f3n, spa, piscina y mucho m\u00e1s en Santiago de Compostela. \u00a1\u00danete hoy!\",\"publisher\":{\"@id\":\"https:\/\/espagat.com\/#organization\"},\"alternateName\":\"Gimnasio Espagat | Entrenamiento, piscina y salud en Santiago\",\"potentialAction\":[{\"@type\":\"SearchAction\",\"target\":{\"@type\":\"EntryPoint\",\"urlTemplate\":\"https:\/\/espagat.com\/?s={search_term_string}\"},\"query-input\":{\"@type\":\"PropertyValueSpecification\",\"valueRequired\":true,\"valueName\":\"search_term_string\"}}],\"inLanguage\":\"en-US\"},{\"@type\":[\"Organization\",\"Place\"],\"@id\":\"https:\/\/espagat.com\/#organization\",\"name\":\"Espagat | Gimnasio, Piscina y salud en Santiago de Compostela\",\"alternateName\":\"Gimnasio Espagat | Piscina, entrenamiento personal y salud en Santiago\",\"url\":\"https:\/\/espagat.com\/\",\"logo\":{\"@id\":\"https:\/\/espagat.com\/en\/jobs\/#local-main-organization-logo\"},\"image\":{\"@id\":\"https:\/\/espagat.com\/en\/jobs\/#local-main-organization-logo\"},\"address\":{\"@id\":\"https:\/\/espagat.com\/en\/jobs\/#local-main-place-address\"},\"geo\":{\"@type\":\"GeoCoordinates\",\"latitude\":\"42.87178869285493\",\"longitude\":\"-8.548756741772555\"},\"telephone\":[\"981 59 18 83\"],\"contactPoint\":{\"@type\":\"ContactPoint\",\"telephone\":\"981 59 18 83\",\"email\":\"hola@espagat.com\"},\"openingHoursSpecification\":[{\"@type\":\"OpeningHoursSpecification\",\"dayOfWeek\":[\"Monday\",\"Tuesday\",\"Wednesday\",\"Thursday\",\"Friday\"],\"opens\":\"07:30\",\"closes\":\"22:30\"},{\"@type\":\"OpeningHoursSpecification\",\"dayOfWeek\":[\"Saturday\",\"Sunday\"],\"opens\":\"09:00\",\"closes\":\"15:00\"}],\"email\":\"hola@espagat.com\",\"areaServed\":\"Galicia\",\"vatID\":\"B15067614\",\"taxID\":\"B15067614\"},{\"@type\":\"PostalAddress\",\"@id\":\"https:\/\/espagat.com\/en\/jobs\/#local-main-place-address\",\"streetAddress\":\"El Santo, R\u00faa de Fernando III o Santo, 12, Bajo,\",\"addressLocality\":\"Santiago de Compostela\",\"postalCode\":\"15701\",\"addressRegion\":\"La Coru\u00f1a\",\"addressCountry\":\"ES\"},{\"@type\":\"ImageObject\",\"inLanguage\":\"en-US\",\"@id\":\"https:\/\/espagat.com\/en\/jobs\/#local-main-organization-logo\",\"url\":\"https:\/\/espagat.com\/wp-content\/uploads\/2017\/12\/logo-color.png\",\"contentUrl\":\"https:\/\/espagat.com\/wp-content\/uploads\/2017\/12\/logo-color.png\",\"width\":300,\"height\":204,\"caption\":\"Espagat | Gimnasio, Piscina y salud en Santiago de Compostela\"}]}<\/script>\n<meta name=\"geo.placename\" content=\"Santiago de Compostela\" \/>\n<meta name=\"geo.position\" content=\"42.87178869285493;-8.548756741772555\" \/>\n<meta name=\"geo.region\" content=\"Spain\" \/>\n<!-- \/ Yoast SEO Premium plugin. -->","yoast_head_json":{"title":"Jobs | Gimnasio Espagat","description":"Join our team! Check out our jobs offers at Espagat, your gym in Santiago de Compostela. Send your CV and be part of our team!","robots":{"index":"index","follow":"follow","max-snippet":"max-snippet:-1","max-image-preview":"max-image-preview:large","max-video-preview":"max-video-preview:-1"},"canonical":"https:\/\/espagat.com\/en\/jobs\/","og_locale":"en_US","og_type":"article","og_title":"Jobs","og_description":"Join our team! Check out our jobs offers at Espagat, your gym in Santiago de Compostela. Send your CV and be part of our team!","og_url":"https:\/\/espagat.com\/en\/jobs\/","og_site_name":"Gimnasio Espagat","article_modified_time":"2024-11-11T11:18:18+00:00","og_image":[{"url":"https:\/\/www.espagat.com\/wp-content\/uploads\/2017\/11\/logo-inv.png","type":"","width":"","height":""}],"twitter_card":"summary_large_image","twitter_misc":{"Est. reading time":"1 minute"},"schema":{"@context":"https:\/\/schema.org","@graph":[{"@type":"WebPage","@id":"https:\/\/espagat.com\/en\/jobs\/","url":"https:\/\/espagat.com\/en\/jobs\/","name":"Jobs | Gimnasio Espagat","isPartOf":{"@id":"https:\/\/espagat.com\/#website"},"primaryImageOfPage":{"@id":"https:\/\/espagat.com\/en\/jobs\/#primaryimage"},"image":{"@id":"https:\/\/espagat.com\/en\/jobs\/#primaryimage"},"thumbnailUrl":"https:\/\/www.espagat.com\/wp-content\/uploads\/2017\/11\/logo-inv.png","datePublished":"2019-04-01T12:14:52+00:00","dateModified":"2024-11-11T11:18:18+00:00","description":"Join our team! Check out our jobs offers at Espagat, your gym in Santiago de Compostela. Send your CV and be part of our team!","breadcrumb":{"@id":"https:\/\/espagat.com\/en\/jobs\/#breadcrumb"},"inLanguage":"en-US","potentialAction":[{"@type":"ReadAction","target":["https:\/\/espagat.com\/en\/jobs\/"]}]},{"@type":"ImageObject","inLanguage":"en-US","@id":"https:\/\/espagat.com\/en\/jobs\/#primaryimage","url":"https:\/\/www.espagat.com\/wp-content\/uploads\/2017\/11\/logo-inv.png","contentUrl":"https:\/\/www.espagat.com\/wp-content\/uploads\/2017\/11\/logo-inv.png"},{"@type":"BreadcrumbList","@id":"https:\/\/espagat.com\/en\/jobs\/#breadcrumb","itemListElement":[{"@type":"ListItem","position":1,"name":"Portada","item":"https:\/\/espagat.com\/en\/inicio-dev\/"},{"@type":"ListItem","position":2,"name":"Jobs"}]},{"@type":"WebSite","@id":"https:\/\/espagat.com\/#website","url":"https:\/\/espagat.com\/","name":"Espagat | Gimnasio, Piscina y salud en Santiago de Compostela","description":"Espagat es m\u00e1s que un gimnasio, tambi\u00e9n ofrecemos servicios de nutrici\u00f3n, spa, piscina y mucho m\u00e1s en Santiago de Compostela. \u00a1\u00danete hoy!","publisher":{"@id":"https:\/\/espagat.com\/#organization"},"alternateName":"Gimnasio Espagat | Entrenamiento, piscina y salud en Santiago","potentialAction":[{"@type":"SearchAction","target":{"@type":"EntryPoint","urlTemplate":"https:\/\/espagat.com\/?s={search_term_string}"},"query-input":{"@type":"PropertyValueSpecification","valueRequired":true,"valueName":"search_term_string"}}],"inLanguage":"en-US"},{"@type":["Organization","Place"],"@id":"https:\/\/espagat.com\/#organization","name":"Espagat | Gimnasio, Piscina y salud en Santiago de Compostela","alternateName":"Gimnasio Espagat | Piscina, entrenamiento personal y salud en Santiago","url":"https:\/\/espagat.com\/","logo":{"@id":"https:\/\/espagat.com\/en\/jobs\/#local-main-organization-logo"},"image":{"@id":"https:\/\/espagat.com\/en\/jobs\/#local-main-organization-logo"},"address":{"@id":"https:\/\/espagat.com\/en\/jobs\/#local-main-place-address"},"geo":{"@type":"GeoCoordinates","latitude":"42.87178869285493","longitude":"-8.548756741772555"},"telephone":["981 59 18 83"],"contactPoint":{"@type":"ContactPoint","telephone":"981 59 18 83","email":"hola@espagat.com"},"openingHoursSpecification":[{"@type":"OpeningHoursSpecification","dayOfWeek":["Monday","Tuesday","Wednesday","Thursday","Friday"],"opens":"07:30","closes":"22:30"},{"@type":"OpeningHoursSpecification","dayOfWeek":["Saturday","Sunday"],"opens":"09:00","closes":"15:00"}],"email":"hola@espagat.com","areaServed":"Galicia","vatID":"B15067614","taxID":"B15067614"},{"@type":"PostalAddress","@id":"https:\/\/espagat.com\/en\/jobs\/#local-main-place-address","streetAddress":"El Santo, R\u00faa de Fernando III o Santo, 12, Bajo,","addressLocality":"Santiago de Compostela","postalCode":"15701","addressRegion":"La Coru\u00f1a","addressCountry":"ES"},{"@type":"ImageObject","inLanguage":"en-US","@id":"https:\/\/espagat.com\/en\/jobs\/#local-main-organization-logo","url":"https:\/\/espagat.com\/wp-content\/uploads\/2017\/12\/logo-color.png","contentUrl":"https:\/\/espagat.com\/wp-content\/uploads\/2017\/12\/logo-color.png","width":300,"height":204,"caption":"Espagat | Gimnasio, Piscina y salud en Santiago de Compostela"}]},"geo.placename":"Santiago de Compostela","geo.position":{"lat":"42.87178869285493","long":"-8.548756741772555"},"geo.region":"Spain"},"_links":{"self":[{"href":"https:\/\/espagat.com\/en\/wp-json\/wp\/v2\/pages\/4607\/"}],"collection":[{"href":"https:\/\/espagat.com\/en\/wp-json\/wp\/v2\/pages\/"}],"about":[{"href":"https:\/\/espagat.com\/en\/wp-json\/wp\/v2\/types\/page\/"}],"author":[{"embeddable":true,"href":"https:\/\/espagat.com\/en\/wp-json\/wp\/v2\/users\/43\/"}],"replies":[{"embeddable":true,"href":"https:\/\/espagat.com\/en\/wp-json\/wp\/v2\/comments\/?post=4607"}],"version-history":[{"count":9,"href":"https:\/\/espagat.com\/en\/wp-json\/wp\/v2\/pages\/4607\/revisions\/"}],"predecessor-version":[{"id":12962,"href":"https:\/\/espagat.com\/en\/wp-json\/wp\/v2\/pages\/4607\/revisions\/12962\/"}],"wp:attachment":[{"href":"https:\/\/espagat.com\/en\/wp-json\/wp\/v2\/media\/?parent=4607"}],"curies":[{"name":"wp","href":"https:\/\/api.w.org\/{rel}","templated":true}]}}