{"id":3911,"date":"2019-02-26T17:32:41","date_gmt":"2019-02-26T16:32:41","guid":{"rendered":"https:\/\/www.espagat.com\/?page_id=3911"},"modified":"2024-11-04T10:58:46","modified_gmt":"2024-11-04T09:58:46","slug":"hours","status":"publish","type":"page","link":"https:\/\/espagat.com\/en\/hours\/","title":{"rendered":"Hours"},"content":{"rendered":"<div class=\"wpb-content-wrapper\"><p>[vc_row el_class=&#8221;no-padding-bottom&#8221;][vc_column el_class=&#8221;container&#8221;][vc_column_text]   <h2 class=\"section-title text-center\">\n    <span class=\"titulo\">HOURS OF OPERATION<\/span>\n        <span class=\"linea\"><\/span>\n       <\/h2>\n[\/vc_column_text][vc_column_text]<\/p>\n<p style=\"text-align: center;\">  <strong>From Monday to Friday:<\/strong><br>7:30-22:30<br>\n  \n    <strong>Saturday and Sunday:<\/strong><br>9:00-15:00<br>\n  <strong>Holidays:<\/strong><br>Closed\n  <\/p>\n<p>[\/vc_column_text][\/vc_column][\/vc_row][vc_row][vc_column el_class=&#8221;container&#8221;][vc_column_text]   <h2 class=\"section-title text-center\">\n    <span class=\"titulo\">RECEPTION DESK HOURS<\/span>\n        <span class=\"linea\"><\/span>\n       <\/h2>\n[\/vc_column_text][vc_column_text]<\/p>\n<p style=\"text-align: center;\">  <strong>From Monday to Friday:<\/strong><br>09:00-13:30 <br>16:00-21:00<br>\n  <strong>Saturday:<\/strong><br>09:30-14:00<br>Domingos y festivos cerrado<br>\n<\/p>\n<p>[\/vc_column_text][\/vc_column][\/vc_row]<\/p>\n<\/div>","protected":false},"excerpt":{"rendered":"<p>[vc_row el_class=&#8221;no-padding-bottom&#8221;][vc_column el_class=&#8221;container&#8221;][vc_column_text][\/vc_column_text][vc_column_text] [\/vc_column_text][\/vc_column][\/vc_row][vc_row][vc_column el_class=&#8221;container&#8221;][vc_column_text][\/vc_column_text][vc_column_text] [\/vc_column_text][\/vc_column][\/vc_row]<\/p>\n","protected":false},"author":2,"featured_media":0,"parent":0,"menu_order":0,"comment_status":"closed","ping_status":"closed","template":"","meta":{"_acf_changed":false,"inline_featured_image":false,"footnotes":""},"class_list":["post-3911","page","type-page","status-publish","hentry"],"acf":[],"yoast_head":"<!-- This site is optimized with the Yoast SEO Premium plugin v25.3 (Yoast SEO v27.2) - https:\/\/yoast.com\/product\/yoast-seo-premium-wordpress\/ -->\n<title>Hours | Gimnasio Espagat<\/title>\n<meta name=\"description\" content=\"Our opening hours are Monday to Friday from 7:30 a.m. to 10:30 p.m., Saturdays and Sundays from 9:00 a.m. to 3:00 p.m.\" \/>\n<meta name=\"robots\" content=\"index, follow, max-snippet:-1, max-image-preview:large, max-video-preview:-1\" \/>\n<link rel=\"canonical\" href=\"https:\/\/espagat.com\/en\/hours\/\" \/>\n<meta property=\"og:locale\" content=\"en_US\" \/>\n<meta property=\"og:type\" content=\"article\" \/>\n<meta property=\"og:title\" content=\"Hours\" \/>\n<meta property=\"og:description\" content=\"Our opening hours are Monday to Friday from 7:30 a.m. to 10:30 p.m., Saturdays and Sundays from 9:00 a.m. to 3:00 p.m.\" \/>\n<meta property=\"og:url\" content=\"https:\/\/espagat.com\/en\/hours\/\" \/>\n<meta property=\"og:site_name\" content=\"Gimnasio Espagat\" \/>\n<meta property=\"article:modified_time\" content=\"2024-11-04T09:58:46+00:00\" \/>\n<meta property=\"og:image\" content=\"https:\/\/espagat.com\/wp-content\/uploads\/2017\/12\/logo-color.png\" \/>\n\t<meta property=\"og:image:width\" content=\"300\" \/>\n\t<meta property=\"og:image:height\" content=\"204\" \/>\n\t<meta property=\"og:image:type\" content=\"image\/png\" \/>\n<meta name=\"twitter:card\" content=\"summary_large_image\" \/>\n<meta name=\"twitter:label1\" content=\"Est. reading time\" \/>\n\t<meta name=\"twitter:data1\" content=\"1 minute\" \/>\n<script type=\"application\/ld+json\" class=\"yoast-schema-graph\">{\"@context\":\"https:\/\/schema.org\",\"@graph\":[{\"@type\":\"WebPage\",\"@id\":\"https:\/\/espagat.com\/en\/hours\/\",\"url\":\"https:\/\/espagat.com\/en\/hours\/\",\"name\":\"Hours | Gimnasio Espagat\",\"isPartOf\":{\"@id\":\"https:\/\/espagat.com\/#website\"},\"datePublished\":\"2019-02-26T16:32:41+00:00\",\"dateModified\":\"2024-11-04T09:58:46+00:00\",\"description\":\"Our opening hours are Monday to Friday from 7:30 a.m. to 10:30 p.m., Saturdays and Sundays from 9:00 a.m. to 3:00 p.m.\",\"breadcrumb\":{\"@id\":\"https:\/\/espagat.com\/en\/hours\/#breadcrumb\"},\"inLanguage\":\"en-US\",\"potentialAction\":[{\"@type\":\"ReadAction\",\"target\":[\"https:\/\/espagat.com\/en\/hours\/\"]}]},{\"@type\":\"BreadcrumbList\",\"@id\":\"https:\/\/espagat.com\/en\/hours\/#breadcrumb\",\"itemListElement\":[{\"@type\":\"ListItem\",\"position\":1,\"name\":\"Portada\",\"item\":\"https:\/\/espagat.com\/en\/inicio-dev\/\"},{\"@type\":\"ListItem\",\"position\":2,\"name\":\"Hours\"}]},{\"@type\":\"WebSite\",\"@id\":\"https:\/\/espagat.com\/#website\",\"url\":\"https:\/\/espagat.com\/\",\"name\":\"Espagat | Gimnasio, Piscina y salud en Santiago de Compostela\",\"description\":\"Espagat es m\u00e1s que un gimnasio, tambi\u00e9n ofrecemos servicios de nutrici\u00f3n, spa, piscina y mucho m\u00e1s en Santiago de Compostela. \u00a1\u00danete hoy!\",\"publisher\":{\"@id\":\"https:\/\/espagat.com\/#organization\"},\"alternateName\":\"Gimnasio Espagat | Entrenamiento, piscina y salud en Santiago\",\"potentialAction\":[{\"@type\":\"SearchAction\",\"target\":{\"@type\":\"EntryPoint\",\"urlTemplate\":\"https:\/\/espagat.com\/?s={search_term_string}\"},\"query-input\":{\"@type\":\"PropertyValueSpecification\",\"valueRequired\":true,\"valueName\":\"search_term_string\"}}],\"inLanguage\":\"en-US\"},{\"@type\":[\"Organization\",\"Place\"],\"@id\":\"https:\/\/espagat.com\/#organization\",\"name\":\"Espagat | Gimnasio, Piscina y salud en Santiago de Compostela\",\"alternateName\":\"Gimnasio Espagat | Piscina, entrenamiento personal y salud en Santiago\",\"url\":\"https:\/\/espagat.com\/\",\"logo\":{\"@id\":\"https:\/\/espagat.com\/en\/hours\/#local-main-organization-logo\"},\"image\":{\"@id\":\"https:\/\/espagat.com\/en\/hours\/#local-main-organization-logo\"},\"address\":{\"@id\":\"https:\/\/espagat.com\/en\/hours\/#local-main-place-address\"},\"geo\":{\"@type\":\"GeoCoordinates\",\"latitude\":\"42.87178869285493\",\"longitude\":\"-8.548756741772555\"},\"telephone\":[\"981 59 18 83\"],\"contactPoint\":{\"@type\":\"ContactPoint\",\"telephone\":\"981 59 18 83\",\"email\":\"hola@espagat.com\"},\"openingHoursSpecification\":[{\"@type\":\"OpeningHoursSpecification\",\"dayOfWeek\":[\"Monday\",\"Tuesday\",\"Wednesday\",\"Thursday\",\"Friday\"],\"opens\":\"07:30\",\"closes\":\"22:30\"},{\"@type\":\"OpeningHoursSpecification\",\"dayOfWeek\":[\"Saturday\",\"Sunday\"],\"opens\":\"09:00\",\"closes\":\"15:00\"}],\"email\":\"hola@espagat.com\",\"areaServed\":\"Galicia\",\"vatID\":\"B15067614\",\"taxID\":\"B15067614\"},{\"@type\":\"PostalAddress\",\"@id\":\"https:\/\/espagat.com\/en\/hours\/#local-main-place-address\",\"streetAddress\":\"El Santo, R\u00faa de Fernando III o Santo, 12, Bajo,\",\"addressLocality\":\"Santiago de Compostela\",\"postalCode\":\"15701\",\"addressRegion\":\"La Coru\u00f1a\",\"addressCountry\":\"ES\"},{\"@type\":\"ImageObject\",\"inLanguage\":\"en-US\",\"@id\":\"https:\/\/espagat.com\/en\/hours\/#local-main-organization-logo\",\"url\":\"https:\/\/espagat.com\/wp-content\/uploads\/2017\/12\/logo-color.png\",\"contentUrl\":\"https:\/\/espagat.com\/wp-content\/uploads\/2017\/12\/logo-color.png\",\"width\":300,\"height\":204,\"caption\":\"Espagat | Gimnasio, Piscina y salud en Santiago de Compostela\"}]}<\/script>\n<meta name=\"geo.placename\" content=\"Santiago de Compostela\" \/>\n<meta name=\"geo.position\" content=\"42.87178869285493;-8.548756741772555\" \/>\n<meta name=\"geo.region\" content=\"Spain\" \/>\n<!-- \/ Yoast SEO Premium plugin. -->","yoast_head_json":{"title":"Hours | Gimnasio Espagat","description":"Our opening hours are Monday to Friday from 7:30 a.m. to 10:30 p.m., Saturdays and Sundays from 9:00 a.m. to 3:00 p.m.","robots":{"index":"index","follow":"follow","max-snippet":"max-snippet:-1","max-image-preview":"max-image-preview:large","max-video-preview":"max-video-preview:-1"},"canonical":"https:\/\/espagat.com\/en\/hours\/","og_locale":"en_US","og_type":"article","og_title":"Hours","og_description":"Our opening hours are Monday to Friday from 7:30 a.m. to 10:30 p.m., Saturdays and Sundays from 9:00 a.m. to 3:00 p.m.","og_url":"https:\/\/espagat.com\/en\/hours\/","og_site_name":"Gimnasio Espagat","article_modified_time":"2024-11-04T09:58:46+00:00","og_image":[{"width":300,"height":204,"url":"https:\/\/espagat.com\/wp-content\/uploads\/2017\/12\/logo-color.png","type":"image\/png"}],"twitter_card":"summary_large_image","twitter_misc":{"Est. reading time":"1 minute"},"schema":{"@context":"https:\/\/schema.org","@graph":[{"@type":"WebPage","@id":"https:\/\/espagat.com\/en\/hours\/","url":"https:\/\/espagat.com\/en\/hours\/","name":"Hours | Gimnasio Espagat","isPartOf":{"@id":"https:\/\/espagat.com\/#website"},"datePublished":"2019-02-26T16:32:41+00:00","dateModified":"2024-11-04T09:58:46+00:00","description":"Our opening hours are Monday to Friday from 7:30 a.m. to 10:30 p.m., Saturdays and Sundays from 9:00 a.m. to 3:00 p.m.","breadcrumb":{"@id":"https:\/\/espagat.com\/en\/hours\/#breadcrumb"},"inLanguage":"en-US","potentialAction":[{"@type":"ReadAction","target":["https:\/\/espagat.com\/en\/hours\/"]}]},{"@type":"BreadcrumbList","@id":"https:\/\/espagat.com\/en\/hours\/#breadcrumb","itemListElement":[{"@type":"ListItem","position":1,"name":"Portada","item":"https:\/\/espagat.com\/en\/inicio-dev\/"},{"@type":"ListItem","position":2,"name":"Hours"}]},{"@type":"WebSite","@id":"https:\/\/espagat.com\/#website","url":"https:\/\/espagat.com\/","name":"Espagat | Gimnasio, Piscina y salud en Santiago de Compostela","description":"Espagat es m\u00e1s que un gimnasio, tambi\u00e9n ofrecemos servicios de nutrici\u00f3n, spa, piscina y mucho m\u00e1s en Santiago de Compostela. \u00a1\u00danete hoy!","publisher":{"@id":"https:\/\/espagat.com\/#organization"},"alternateName":"Gimnasio Espagat | Entrenamiento, piscina y salud en Santiago","potentialAction":[{"@type":"SearchAction","target":{"@type":"EntryPoint","urlTemplate":"https:\/\/espagat.com\/?s={search_term_string}"},"query-input":{"@type":"PropertyValueSpecification","valueRequired":true,"valueName":"search_term_string"}}],"inLanguage":"en-US"},{"@type":["Organization","Place"],"@id":"https:\/\/espagat.com\/#organization","name":"Espagat | Gimnasio, Piscina y salud en Santiago de Compostela","alternateName":"Gimnasio Espagat | Piscina, entrenamiento personal y salud en Santiago","url":"https:\/\/espagat.com\/","logo":{"@id":"https:\/\/espagat.com\/en\/hours\/#local-main-organization-logo"},"image":{"@id":"https:\/\/espagat.com\/en\/hours\/#local-main-organization-logo"},"address":{"@id":"https:\/\/espagat.com\/en\/hours\/#local-main-place-address"},"geo":{"@type":"GeoCoordinates","latitude":"42.87178869285493","longitude":"-8.548756741772555"},"telephone":["981 59 18 83"],"contactPoint":{"@type":"ContactPoint","telephone":"981 59 18 83","email":"hola@espagat.com"},"openingHoursSpecification":[{"@type":"OpeningHoursSpecification","dayOfWeek":["Monday","Tuesday","Wednesday","Thursday","Friday"],"opens":"07:30","closes":"22:30"},{"@type":"OpeningHoursSpecification","dayOfWeek":["Saturday","Sunday"],"opens":"09:00","closes":"15:00"}],"email":"hola@espagat.com","areaServed":"Galicia","vatID":"B15067614","taxID":"B15067614"},{"@type":"PostalAddress","@id":"https:\/\/espagat.com\/en\/hours\/#local-main-place-address","streetAddress":"El Santo, R\u00faa de Fernando III o Santo, 12, Bajo,","addressLocality":"Santiago de Compostela","postalCode":"15701","addressRegion":"La Coru\u00f1a","addressCountry":"ES"},{"@type":"ImageObject","inLanguage":"en-US","@id":"https:\/\/espagat.com\/en\/hours\/#local-main-organization-logo","url":"https:\/\/espagat.com\/wp-content\/uploads\/2017\/12\/logo-color.png","contentUrl":"https:\/\/espagat.com\/wp-content\/uploads\/2017\/12\/logo-color.png","width":300,"height":204,"caption":"Espagat | Gimnasio, Piscina y salud en Santiago de Compostela"}]},"geo.placename":"Santiago de Compostela","geo.position":{"lat":"42.87178869285493","long":"-8.548756741772555"},"geo.region":"Spain"},"_links":{"self":[{"href":"https:\/\/espagat.com\/en\/wp-json\/wp\/v2\/pages\/3911\/"}],"collection":[{"href":"https:\/\/espagat.com\/en\/wp-json\/wp\/v2\/pages\/"}],"about":[{"href":"https:\/\/espagat.com\/en\/wp-json\/wp\/v2\/types\/page\/"}],"author":[{"embeddable":true,"href":"https:\/\/espagat.com\/en\/wp-json\/wp\/v2\/users\/2\/"}],"replies":[{"embeddable":true,"href":"https:\/\/espagat.com\/en\/wp-json\/wp\/v2\/comments\/?post=3911"}],"version-history":[{"count":5,"href":"https:\/\/espagat.com\/en\/wp-json\/wp\/v2\/pages\/3911\/revisions\/"}],"predecessor-version":[{"id":6555,"href":"https:\/\/espagat.com\/en\/wp-json\/wp\/v2\/pages\/3911\/revisions\/6555\/"}],"wp:attachment":[{"href":"https:\/\/espagat.com\/en\/wp-json\/wp\/v2\/media\/?parent=3911"}],"curies":[{"name":"wp","href":"https:\/\/api.w.org\/{rel}","templated":true}]}}